{"id":2185,"date":"2025-11-06T10:39:08","date_gmt":"2025-11-06T08:39:08","guid":{"rendered":"https:\/\/casino-bk-site33.top\/?page_id=2185"},"modified":"2025-11-06T10:39:08","modified_gmt":"2025-11-06T08:39:08","slug":"bizim-haqqimizda","status":"publish","type":"page","link":"https:\/\/casino-bk-site33.top\/az\/bizim-haqqimizda\/","title":{"rendered":"Bizim Haqq\u0131m\u0131zda"},"content":{"rendered":"<h1>Bizim Haqq\u0131m\u0131zda<\/h1>\n<p>1xBet idman m\u0259rcl\u0259ri platformas\u0131n\u0131 onlayn kazino il\u0259 birl\u0259\u015fdir\u0259n m\u00fcasir bir oyun markas\u0131d\u0131r. Biz qumar oyununun t\u0259kc\u0259 \u0259yl\u0259nc\u0259 deyil, h\u0259m d\u0259 h\u0259y\u0259can, emosiya v\u0259 yeni t\u0259cr\u00fcb\u0259l\u0259r \u00fc\u00e7\u00fcn f\u00fcrs\u0259t oldu\u011fu bir m\u00fchit yarad\u0131r\u0131q. H\u0259r g\u00fcn d\u00fcnya \u00fczr\u0259 milyonlarla istifad\u0259\u00e7i etibarl\u0131l\u0131\u011f\u0131m\u0131z, rahatl\u0131\u011f\u0131m\u0131z v\u0259 geni\u015f oyun se\u00e7imi \u00fc\u00e7\u00fcn bizi se\u00e7ir.<\/p>\n<h3>Missiyam\u0131z<\/h3>\n<p>Bizim m\u0259qs\u0259dimiz oyun\u00e7ulara \u0259dal\u0259tli m\u0259rc imkanlar\u0131 v\u0259 y\u00fcks\u0259k keyfiyy\u0259tli \u0259yl\u0259nc\u0259 t\u0259qdim etm\u0259kdir. H\u0259r bir istifad\u0259\u00e7inin qeydiyyat an\u0131ndan qazanc\u0131n \u00e7\u0131xar\u0131lmas\u0131na q\u0259d\u0259r \u00f6z\u00fcn\u00fc \u0259min v\u0259 rahat hiss etm\u0259si bizim \u00fc\u00e7\u00fcn vacibdir. 1xBet t\u0259hl\u00fck\u0259sizliyin v\u0259 etibar\u0131n h\u0259mi\u015f\u0259 birinci yerd\u0259 g\u0259ldiyi bir platform qurur.<\/p>\n<h3>T\u0259klif Etdikl\u0259rimiz<\/h3>\n<p>1xBet m\u00fc\u015ft\u0259ril\u0259rin\u0259 n\u0259inki minl\u0259rl\u0259 idman m\u0259rc hadis\u0259sin\u0259 giri\u015f deyil, h\u0259m d\u0259 onlayn slotlar, masa\u00fcst\u00fc oyunlar v\u0259 canl\u0131 kazino t\u0259cr\u00fcb\u0259l\u0259rind\u0259n ibar\u0259t geni\u015f bir kolleksiya t\u0259qdim edir. Platformam\u0131z daim yenil\u0259nir, yeni h\u0259ll\u0259r, yeni hadis\u0259l\u0259r v\u0259 c\u0259lbedici aksiyalar t\u0259klif edir.<\/p>\n<h3>Niy\u0259 1xBet-i Se\u00e7m\u0259lisiniz<\/h3>\n<ul>\n<li>Geni\u015f idman hadis\u0259l\u0259ri v\u0259 m\u0259rc se\u00e7iml\u0259ri \u00e7e\u015fidi;<\/li>\n<li>Apar\u0131c\u0131 provayderl\u0259rd\u0259n b\u00f6y\u00fck bir oyun se\u00e7imi;<\/li>\n<li>\u015e\u0259ffaf v\u0259 asan ba\u015fa d\u00fc\u015f\u00fcl\u0259n bonus proqramlar\u0131;<\/li>\n<li>S\u00fcr\u0259tli depozitl\u0259r v\u0259 t\u0259hl\u00fck\u0259siz \u00e7\u0131xar\u0131\u015flar;<\/li>\n<li>G\u00fcn\u00fcn 24 saat\u0131 m\u00fc\u015ft\u0259ri d\u0259st\u0259k xidm\u0259ti.<\/li>\n<\/ul>\n<h3>T\u0259hl\u00fck\u0259sizlik v\u0259 Etibarl\u0131l\u0131q<\/h3>\n<p>\u0130stifad\u0259\u00e7i m\u0259lumatlar\u0131n\u0131n qorunmas\u0131 v\u0259 \u0259dal\u0259tli oyunun t\u0259min edilm\u0259si bizim i\u015fimizin \u0259sas da\u015f\u0131d\u0131r. H\u0259r bir n\u0259tic\u0259d\u0259 \u015f\u0259ffafl\u0131\u011f\u0131 z\u0259man\u0259t etm\u0259k \u00fc\u00e7\u00fcn qabaqc\u0131l \u015fifr\u0259l\u0259m\u0259 texnologiyalar\u0131 v\u0259 sertifikatla\u015fd\u0131r\u0131lm\u0131\u015f t\u0259sad\u00fcfi n\u00f6mr\u0259 generatorlar\u0131ndan istifad\u0259 edirik. B\u00fct\u00fcn maliyy\u0259 \u0259m\u0259liyyatlar\u0131 \u0259n y\u00fcks\u0259k t\u0259hl\u00fck\u0259sizlik s\u0259viyy\u0259si il\u0259 i\u015fl\u0259nir, bu da oyun\u00e7ulara yaln\u0131z oyundan h\u0259zz alma\u011fa diqq\u0259t yetirm\u0259y\u0259 imkan verir.<\/p>\n<h3>M\u0259suliyy\u0259tli Oyun<\/h3>\n<p>1xBet m\u0259suliyy\u0259tli qumar siyas\u0259tini aktiv \u015f\u0259kild\u0259 t\u0259\u015fviq edir. Biz m\u00fc\u015ft\u0259ril\u0259r\u0259 \u00f6z\u00fcn\u0259n\u0259zar\u0259t al\u0259tl\u0259ri t\u0259qdim edirik v\u0259 t\u0259hl\u00fck\u0259siz oyun t\u0259cr\u00fcb\u0259l\u0259ri haqq\u0131nda m\u0259lumatland\u0131r\u0131r\u0131q. \u015eirk\u0259timiz qumar as\u0131l\u0131l\u0131\u011f\u0131n\u0131n qar\u015f\u0131s\u0131n\u0131n al\u0131nmas\u0131na h\u0259sr olunmu\u015f t\u0259\u015fkilatlarla \u0259m\u0259kda\u015fl\u0131q edir v\u0259 bu sah\u0259d\u0259ki sosial t\u0259\u015f\u0259bb\u00fcsl\u0259ri d\u0259st\u0259kl\u0259yir.<\/p>\n<h3>Oyun\u00e7u D\u0259st\u0259yi<\/h3>\n<p>M\u00fc\u015ft\u0259ri d\u0259st\u0259k komandam\u0131z h\u0259r hans\u0131 bir v\u0259ziyy\u0259td\u0259 k\u00f6m\u0259k etm\u0259k \u00fc\u00e7\u00fcn 7\/24 xidm\u0259tinizd\u0259dir: hesab qeydiyyat\u0131, bonus proqramlar\u0131, texniki probleml\u0259r v\u0259 ya m\u0259rc m\u0259sl\u0259h\u0259ti. Biz h\u0259r bir oyun\u00e7unu qiym\u0259tl\u0259ndiririk v\u0259 onlar\u0131n laz\u0131m olduqda pe\u015f\u0259kar k\u00f6m\u0259k almas\u0131n\u0131 t\u0259min edirik.<\/p>\n<h3>1xBet-\u0259 Qo\u015fulun<\/h3>\n<p>1xBet t\u0259kc\u0259 bir platform deyil \u2014 idmana v\u0259 oyuna olan ehtirasla birl\u0259\u015f\u0259n bir oyun\u00e7u icmas\u0131d\u0131r. Biz sizi yeni f\u00fcrs\u0259tl\u0259ri k\u0259\u015ff etm\u0259y\u0259, \u0259dal\u0259tli oyunun h\u0259y\u0259can\u0131n\u0131 hiss etm\u0259y\u0259 v\u0259 t\u0259hl\u00fck\u0259siz v\u0259 m\u00fckafatland\u0131r\u0131c\u0131 bir oyun s\u0259yah\u0259tinin l\u0259zz\u0259tini alma\u011fa d\u0259v\u0259t edirik.<\/p>\n","protected":false},"excerpt":{"rendered":"<p>Bizim Haqq\u0131m\u0131zda 1xBet idman m\u0259rcl\u0259ri platformas\u0131n\u0131 onlayn kazino il\u0259 birl\u0259\u015fdir\u0259n m\u00fcasir bir oyun markas\u0131d\u0131r. Biz qumar oyununun t\u0259kc\u0259 \u0259yl\u0259nc\u0259 deyil, h\u0259m d\u0259 h\u0259y\u0259can, emosiya v\u0259 yeni t\u0259cr\u00fcb\u0259l\u0259r \u00fc\u00e7\u00fcn f\u00fcrs\u0259t oldu\u011fu bir m\u00fchit yarad\u0131r\u0131q. H\u0259r g\u00fcn d\u00fcnya \u00fczr\u0259 milyonlarla istifad\u0259\u00e7i etibarl\u0131l\u0131\u011f\u0131m\u0131z, rahatl\u0131\u011f\u0131m\u0131z v\u0259 geni\u015f oyun se\u00e7imi \u00fc\u00e7\u00fcn bizi se\u00e7ir. Missiyam\u0131z Bizim m\u0259qs\u0259dimiz oyun\u00e7ulara \u0259dal\u0259tli m\u0259rc imkanlar\u0131 [&hellip;]<\/p>\n","protected":false},"author":1,"featured_media":0,"parent":0,"menu_order":0,"comment_status":"closed","ping_status":"closed","template":"","meta":{"_acf_changed":false,"footnotes":""},"class_list":["post-2185","page","type-page","status-publish","hentry"],"acf":[],"yoast_head":"<!-- This site is optimized with the Yoast SEO plugin v27.0 - https:\/\/yoast.com\/product\/yoast-seo-wordpress\/ -->\n<title>Haqq\u0131m\u0131zda | 1xBet \u2013 Y\u00fcks\u0259k G\u00fcv\u0259n S\u0259viyy\u0259si il\u0259 Beyn\u0259lxalq M\u0259rc Platformas\u0131 v\u0259 Onlayn Kazino<\/title>\n<meta name=\"robots\" content=\"index, follow, max-snippet:-1, max-image-preview:large, max-video-preview:-1\" \/>\n<link rel=\"canonical\" href=\"https:\/\/casino-bk-site33.top\/az\/bizim-haqqimizda\/\" \/>\n<meta property=\"og:locale\" content=\"ru_RU\" \/>\n<meta property=\"og:type\" content=\"article\" \/>\n<meta property=\"og:title\" content=\"Haqq\u0131m\u0131zda | 1xBet \u2013 Y\u00fcks\u0259k G\u00fcv\u0259n S\u0259viyy\u0259si il\u0259 Beyn\u0259lxalq M\u0259rc Platformas\u0131 v\u0259 Onlayn Kazino\" \/>\n<meta property=\"og:description\" content=\"Bizim Haqq\u0131m\u0131zda 1xBet idman m\u0259rcl\u0259ri platformas\u0131n\u0131 onlayn kazino il\u0259 birl\u0259\u015fdir\u0259n m\u00fcasir bir oyun markas\u0131d\u0131r. Biz qumar oyununun t\u0259kc\u0259 \u0259yl\u0259nc\u0259 deyil, h\u0259m d\u0259 h\u0259y\u0259can, emosiya v\u0259 yeni t\u0259cr\u00fcb\u0259l\u0259r \u00fc\u00e7\u00fcn f\u00fcrs\u0259t oldu\u011fu bir m\u00fchit yarad\u0131r\u0131q. H\u0259r g\u00fcn d\u00fcnya \u00fczr\u0259 milyonlarla istifad\u0259\u00e7i etibarl\u0131l\u0131\u011f\u0131m\u0131z, rahatl\u0131\u011f\u0131m\u0131z v\u0259 geni\u015f oyun se\u00e7imi \u00fc\u00e7\u00fcn bizi se\u00e7ir. Missiyam\u0131z Bizim m\u0259qs\u0259dimiz oyun\u00e7ulara \u0259dal\u0259tli m\u0259rc imkanlar\u0131 [&hellip;]\" \/>\n<meta property=\"og:url\" content=\"https:\/\/casino-bk-site33.top\/az\/bizim-haqqimizda\/\" \/>\n<meta property=\"og:site_name\" content=\"casino-bk-site33.top\" \/>\n<meta name=\"twitter:card\" content=\"summary_large_image\" \/>\n<script type=\"application\/ld+json\" class=\"yoast-schema-graph\">{\"@context\":\"https:\/\/schema.org\",\"@graph\":[{\"@type\":\"WebPage\",\"@id\":\"https:\/\/casino-bk-site33.top\/az\/bizim-haqqimizda\/\",\"url\":\"https:\/\/casino-bk-site33.top\/az\/bizim-haqqimizda\/\",\"name\":\"Haqq\u0131m\u0131zda | 1xBet \u2013 Y\u00fcks\u0259k G\u00fcv\u0259n S\u0259viyy\u0259si il\u0259 Beyn\u0259lxalq M\u0259rc Platformas\u0131 v\u0259 Onlayn Kazino\",\"isPartOf\":{\"@id\":\"https:\/\/casino-bk-site33.top\/#website\"},\"datePublished\":\"2025-11-06T08:39:08+00:00\",\"breadcrumb\":{\"@id\":\"https:\/\/casino-bk-site33.top\/az\/bizim-haqqimizda\/#breadcrumb\"},\"inLanguage\":\"ru-RU\",\"potentialAction\":[{\"@type\":\"ReadAction\",\"target\":[\"https:\/\/casino-bk-site33.top\/az\/bizim-haqqimizda\/\"]}]},{\"@type\":\"BreadcrumbList\",\"@id\":\"https:\/\/casino-bk-site33.top\/az\/bizim-haqqimizda\/#breadcrumb\",\"itemListElement\":[{\"@type\":\"ListItem\",\"position\":1,\"name\":\"\u0413\u043b\u0430\u0432\u043d\u0430\u044f \u0441\u0442\u0440\u0430\u043d\u0438\u0446\u0430\",\"item\":\"https:\/\/casino-bk-site33.top\/\"},{\"@type\":\"ListItem\",\"position\":2,\"name\":\"Bizim Haqq\u0131m\u0131zda\"}]},{\"@type\":\"WebSite\",\"@id\":\"https:\/\/casino-bk-site33.top\/#website\",\"url\":\"https:\/\/casino-bk-site33.top\/\",\"name\":\"casino-bk-site33.top\",\"description\":\"\",\"potentialAction\":[{\"@type\":\"SearchAction\",\"target\":{\"@type\":\"EntryPoint\",\"urlTemplate\":\"https:\/\/casino-bk-site33.top\/?s={search_term_string}\"},\"query-input\":{\"@type\":\"PropertyValueSpecification\",\"valueRequired\":true,\"valueName\":\"search_term_string\"}}],\"inLanguage\":\"ru-RU\"}]}<\/script>\n<!-- \/ Yoast SEO plugin. -->","yoast_head_json":{"title":"Haqq\u0131m\u0131zda | 1xBet \u2013 Y\u00fcks\u0259k G\u00fcv\u0259n S\u0259viyy\u0259si il\u0259 Beyn\u0259lxalq M\u0259rc Platformas\u0131 v\u0259 Onlayn Kazino","robots":{"index":"index","follow":"follow","max-snippet":"max-snippet:-1","max-image-preview":"max-image-preview:large","max-video-preview":"max-video-preview:-1"},"canonical":"https:\/\/casino-bk-site33.top\/az\/bizim-haqqimizda\/","og_locale":"ru_RU","og_type":"article","og_title":"Haqq\u0131m\u0131zda | 1xBet \u2013 Y\u00fcks\u0259k G\u00fcv\u0259n S\u0259viyy\u0259si il\u0259 Beyn\u0259lxalq M\u0259rc Platformas\u0131 v\u0259 Onlayn Kazino","og_description":"Bizim Haqq\u0131m\u0131zda 1xBet idman m\u0259rcl\u0259ri platformas\u0131n\u0131 onlayn kazino il\u0259 birl\u0259\u015fdir\u0259n m\u00fcasir bir oyun markas\u0131d\u0131r. Biz qumar oyununun t\u0259kc\u0259 \u0259yl\u0259nc\u0259 deyil, h\u0259m d\u0259 h\u0259y\u0259can, emosiya v\u0259 yeni t\u0259cr\u00fcb\u0259l\u0259r \u00fc\u00e7\u00fcn f\u00fcrs\u0259t oldu\u011fu bir m\u00fchit yarad\u0131r\u0131q. H\u0259r g\u00fcn d\u00fcnya \u00fczr\u0259 milyonlarla istifad\u0259\u00e7i etibarl\u0131l\u0131\u011f\u0131m\u0131z, rahatl\u0131\u011f\u0131m\u0131z v\u0259 geni\u015f oyun se\u00e7imi \u00fc\u00e7\u00fcn bizi se\u00e7ir. Missiyam\u0131z Bizim m\u0259qs\u0259dimiz oyun\u00e7ulara \u0259dal\u0259tli m\u0259rc imkanlar\u0131 [&hellip;]","og_url":"https:\/\/casino-bk-site33.top\/az\/bizim-haqqimizda\/","og_site_name":"casino-bk-site33.top","twitter_card":"summary_large_image","schema":{"@context":"https:\/\/schema.org","@graph":[{"@type":"WebPage","@id":"https:\/\/casino-bk-site33.top\/az\/bizim-haqqimizda\/","url":"https:\/\/casino-bk-site33.top\/az\/bizim-haqqimizda\/","name":"Haqq\u0131m\u0131zda | 1xBet \u2013 Y\u00fcks\u0259k G\u00fcv\u0259n S\u0259viyy\u0259si il\u0259 Beyn\u0259lxalq M\u0259rc Platformas\u0131 v\u0259 Onlayn Kazino","isPartOf":{"@id":"https:\/\/casino-bk-site33.top\/#website"},"datePublished":"2025-11-06T08:39:08+00:00","breadcrumb":{"@id":"https:\/\/casino-bk-site33.top\/az\/bizim-haqqimizda\/#breadcrumb"},"inLanguage":"ru-RU","potentialAction":[{"@type":"ReadAction","target":["https:\/\/casino-bk-site33.top\/az\/bizim-haqqimizda\/"]}]},{"@type":"BreadcrumbList","@id":"https:\/\/casino-bk-site33.top\/az\/bizim-haqqimizda\/#breadcrumb","itemListElement":[{"@type":"ListItem","position":1,"name":"\u0413\u043b\u0430\u0432\u043d\u0430\u044f \u0441\u0442\u0440\u0430\u043d\u0438\u0446\u0430","item":"https:\/\/casino-bk-site33.top\/"},{"@type":"ListItem","position":2,"name":"Bizim Haqq\u0131m\u0131zda"}]},{"@type":"WebSite","@id":"https:\/\/casino-bk-site33.top\/#website","url":"https:\/\/casino-bk-site33.top\/","name":"casino-bk-site33.top","description":"","potentialAction":[{"@type":"SearchAction","target":{"@type":"EntryPoint","urlTemplate":"https:\/\/casino-bk-site33.top\/?s={search_term_string}"},"query-input":{"@type":"PropertyValueSpecification","valueRequired":true,"valueName":"search_term_string"}}],"inLanguage":"ru-RU"}]}},"amp_enabled":true,"_links":{"self":[{"href":"https:\/\/casino-bk-site33.top\/wp-json\/wp\/v2\/pages\/2185","targetHints":{"allow":["GET"]}}],"collection":[{"href":"https:\/\/casino-bk-site33.top\/wp-json\/wp\/v2\/pages"}],"about":[{"href":"https:\/\/casino-bk-site33.top\/wp-json\/wp\/v2\/types\/page"}],"author":[{"embeddable":true,"href":"https:\/\/casino-bk-site33.top\/wp-json\/wp\/v2\/users\/1"}],"replies":[{"embeddable":true,"href":"https:\/\/casino-bk-site33.top\/wp-json\/wp\/v2\/comments?post=2185"}],"version-history":[{"count":1,"href":"https:\/\/casino-bk-site33.top\/wp-json\/wp\/v2\/pages\/2185\/revisions"}],"predecessor-version":[{"id":2186,"href":"https:\/\/casino-bk-site33.top\/wp-json\/wp\/v2\/pages\/2185\/revisions\/2186"}],"wp:attachment":[{"href":"https:\/\/casino-bk-site33.top\/wp-json\/wp\/v2\/media?parent=2185"}],"curies":[{"name":"wp","href":"https:\/\/api.w.org\/{rel}","templated":true}]}}