{"id":2167,"date":"2025-11-06T10:06:22","date_gmt":"2025-11-06T08:06:22","guid":{"rendered":"https:\/\/casino-bk-site33.top\/?page_id=2167"},"modified":"2026-02-26T13:55:29","modified_gmt":"2026-02-26T11:55:29","slug":"2167-2","status":"publish","type":"page","link":"https:\/\/casino-bk-site33.top\/tr\/","title":{"rendered":"Home TR"},"content":{"rendered":"","protected":false},"excerpt":{"rendered":"","protected":false},"author":1,"featured_media":0,"parent":0,"menu_order":0,"comment_status":"closed","ping_status":"closed","template":"home-new.php","meta":{"_acf_changed":false,"footnotes":""},"class_list":["post-2167","page","type-page","status-publish","hentry"],"acf":[],"yoast_head":"<!-- This site is optimized with the Yoast SEO plugin v27.0 - https:\/\/yoast.com\/product\/yoast-seo-wordpress\/ -->\n<title>1xbet T\u00fcrkiye \u2013 G\u00fcncel giri\u015f ve mobil uygulama indirin ve hemen oynamaya ba\u015flay\u0131n.<\/title>\n<meta name=\"description\" content=\"1xbet T\u00fcrkiye mobil uygulamas\u0131n\u0131 indirerek kolayca bahis yap\u0131n. 1xbet g\u00fcncel giri\u015f ile T\u00fcrkiye\u2019de Android, iOS v\u0259 bilgisayarda h\u0131zl\u0131 eri\u015fim v\u0259 g\u00fcvenli oyun keyfi ya\u015fay\u0131n, kazan\u0131n v\u0259 e\u011flencenin tad\u0131n\u0131 \u00e7\u0131kar\u0131n.\" \/>\n<meta name=\"robots\" content=\"index, follow, max-snippet:-1, max-image-preview:large, max-video-preview:-1\" \/>\n<link rel=\"canonical\" href=\"https:\/\/casino-bk-site33.top\/tr\/\" \/>\n<meta property=\"og:locale\" content=\"ru_RU\" \/>\n<meta property=\"og:type\" content=\"article\" \/>\n<meta property=\"og:title\" content=\"1xbet T\u00fcrkiye \u2013 G\u00fcncel giri\u015f ve mobil uygulama indirin ve hemen oynamaya ba\u015flay\u0131n.\" \/>\n<meta property=\"og:description\" content=\"1xbet T\u00fcrkiye mobil uygulamas\u0131n\u0131 indirerek kolayca bahis yap\u0131n. 1xbet g\u00fcncel giri\u015f ile T\u00fcrkiye\u2019de Android, iOS v\u0259 bilgisayarda h\u0131zl\u0131 eri\u015fim v\u0259 g\u00fcvenli oyun keyfi ya\u015fay\u0131n, kazan\u0131n v\u0259 e\u011flencenin tad\u0131n\u0131 \u00e7\u0131kar\u0131n.\" \/>\n<meta property=\"og:url\" content=\"https:\/\/casino-bk-site33.top\/tr\/\" \/>\n<meta property=\"og:site_name\" content=\"casino-bk-site33.top\" \/>\n<meta property=\"article:modified_time\" content=\"2026-02-26T11:55:29+00:00\" \/>\n<meta name=\"twitter:card\" content=\"summary_large_image\" \/>\n<script type=\"application\/ld+json\" class=\"yoast-schema-graph\">{\"@context\":\"https:\/\/schema.org\",\"@graph\":[{\"@type\":\"WebPage\",\"@id\":\"https:\/\/casino-bk-site33.top\/tr\/\",\"url\":\"https:\/\/casino-bk-site33.top\/tr\/\",\"name\":\"1xbet T\u00fcrkiye \u2013 G\u00fcncel giri\u015f ve mobil uygulama indirin ve hemen oynamaya ba\u015flay\u0131n.\",\"isPartOf\":{\"@id\":\"https:\/\/casino-bk-site33.top\/#website\"},\"datePublished\":\"2025-11-06T08:06:22+00:00\",\"dateModified\":\"2026-02-26T11:55:29+00:00\",\"description\":\"1xbet T\u00fcrkiye mobil uygulamas\u0131n\u0131 indirerek kolayca bahis yap\u0131n. 1xbet g\u00fcncel giri\u015f ile T\u00fcrkiye\u2019de Android, iOS v\u0259 bilgisayarda h\u0131zl\u0131 eri\u015fim v\u0259 g\u00fcvenli oyun keyfi ya\u015fay\u0131n, kazan\u0131n v\u0259 e\u011flencenin tad\u0131n\u0131 \u00e7\u0131kar\u0131n.\",\"breadcrumb\":{\"@id\":\"https:\/\/casino-bk-site33.top\/tr\/#breadcrumb\"},\"inLanguage\":\"ru-RU\",\"potentialAction\":[{\"@type\":\"ReadAction\",\"target\":[\"https:\/\/casino-bk-site33.top\/tr\/\"]}]},{\"@type\":\"BreadcrumbList\",\"@id\":\"https:\/\/casino-bk-site33.top\/tr\/#breadcrumb\",\"itemListElement\":[{\"@type\":\"ListItem\",\"position\":1,\"name\":\"\u0413\u043b\u0430\u0432\u043d\u0430\u044f \u0441\u0442\u0440\u0430\u043d\u0438\u0446\u0430\",\"item\":\"https:\/\/casino-bk-site33.top\/\"},{\"@type\":\"ListItem\",\"position\":2,\"name\":\"Home TR\"}]},{\"@type\":\"WebSite\",\"@id\":\"https:\/\/casino-bk-site33.top\/#website\",\"url\":\"https:\/\/casino-bk-site33.top\/\",\"name\":\"casino-bk-site33.top\",\"description\":\"\",\"potentialAction\":[{\"@type\":\"SearchAction\",\"target\":{\"@type\":\"EntryPoint\",\"urlTemplate\":\"https:\/\/casino-bk-site33.top\/?s={search_term_string}\"},\"query-input\":{\"@type\":\"PropertyValueSpecification\",\"valueRequired\":true,\"valueName\":\"search_term_string\"}}],\"inLanguage\":\"ru-RU\"}]}<\/script>\n<!-- \/ Yoast SEO plugin. -->","yoast_head_json":{"title":"1xbet T\u00fcrkiye \u2013 G\u00fcncel giri\u015f ve mobil uygulama indirin ve hemen oynamaya ba\u015flay\u0131n.","description":"1xbet T\u00fcrkiye mobil uygulamas\u0131n\u0131 indirerek kolayca bahis yap\u0131n. 1xbet g\u00fcncel giri\u015f ile T\u00fcrkiye\u2019de Android, iOS v\u0259 bilgisayarda h\u0131zl\u0131 eri\u015fim v\u0259 g\u00fcvenli oyun keyfi ya\u015fay\u0131n, kazan\u0131n v\u0259 e\u011flencenin tad\u0131n\u0131 \u00e7\u0131kar\u0131n.","robots":{"index":"index","follow":"follow","max-snippet":"max-snippet:-1","max-image-preview":"max-image-preview:large","max-video-preview":"max-video-preview:-1"},"canonical":"https:\/\/casino-bk-site33.top\/tr\/","og_locale":"ru_RU","og_type":"article","og_title":"1xbet T\u00fcrkiye \u2013 G\u00fcncel giri\u015f ve mobil uygulama indirin ve hemen oynamaya ba\u015flay\u0131n.","og_description":"1xbet T\u00fcrkiye mobil uygulamas\u0131n\u0131 indirerek kolayca bahis yap\u0131n. 1xbet g\u00fcncel giri\u015f ile T\u00fcrkiye\u2019de Android, iOS v\u0259 bilgisayarda h\u0131zl\u0131 eri\u015fim v\u0259 g\u00fcvenli oyun keyfi ya\u015fay\u0131n, kazan\u0131n v\u0259 e\u011flencenin tad\u0131n\u0131 \u00e7\u0131kar\u0131n.","og_url":"https:\/\/casino-bk-site33.top\/tr\/","og_site_name":"casino-bk-site33.top","article_modified_time":"2026-02-26T11:55:29+00:00","twitter_card":"summary_large_image","schema":{"@context":"https:\/\/schema.org","@graph":[{"@type":"WebPage","@id":"https:\/\/casino-bk-site33.top\/tr\/","url":"https:\/\/casino-bk-site33.top\/tr\/","name":"1xbet T\u00fcrkiye \u2013 G\u00fcncel giri\u015f ve mobil uygulama indirin ve hemen oynamaya ba\u015flay\u0131n.","isPartOf":{"@id":"https:\/\/casino-bk-site33.top\/#website"},"datePublished":"2025-11-06T08:06:22+00:00","dateModified":"2026-02-26T11:55:29+00:00","description":"1xbet T\u00fcrkiye mobil uygulamas\u0131n\u0131 indirerek kolayca bahis yap\u0131n. 1xbet g\u00fcncel giri\u015f ile T\u00fcrkiye\u2019de Android, iOS v\u0259 bilgisayarda h\u0131zl\u0131 eri\u015fim v\u0259 g\u00fcvenli oyun keyfi ya\u015fay\u0131n, kazan\u0131n v\u0259 e\u011flencenin tad\u0131n\u0131 \u00e7\u0131kar\u0131n.","breadcrumb":{"@id":"https:\/\/casino-bk-site33.top\/tr\/#breadcrumb"},"inLanguage":"ru-RU","potentialAction":[{"@type":"ReadAction","target":["https:\/\/casino-bk-site33.top\/tr\/"]}]},{"@type":"BreadcrumbList","@id":"https:\/\/casino-bk-site33.top\/tr\/#breadcrumb","itemListElement":[{"@type":"ListItem","position":1,"name":"\u0413\u043b\u0430\u0432\u043d\u0430\u044f \u0441\u0442\u0440\u0430\u043d\u0438\u0446\u0430","item":"https:\/\/casino-bk-site33.top\/"},{"@type":"ListItem","position":2,"name":"Home TR"}]},{"@type":"WebSite","@id":"https:\/\/casino-bk-site33.top\/#website","url":"https:\/\/casino-bk-site33.top\/","name":"casino-bk-site33.top","description":"","potentialAction":[{"@type":"SearchAction","target":{"@type":"EntryPoint","urlTemplate":"https:\/\/casino-bk-site33.top\/?s={search_term_string}"},"query-input":{"@type":"PropertyValueSpecification","valueRequired":true,"valueName":"search_term_string"}}],"inLanguage":"ru-RU"}]}},"amp_enabled":true,"_links":{"self":[{"href":"https:\/\/casino-bk-site33.top\/wp-json\/wp\/v2\/pages\/2167","targetHints":{"allow":["GET"]}}],"collection":[{"href":"https:\/\/casino-bk-site33.top\/wp-json\/wp\/v2\/pages"}],"about":[{"href":"https:\/\/casino-bk-site33.top\/wp-json\/wp\/v2\/types\/page"}],"author":[{"embeddable":true,"href":"https:\/\/casino-bk-site33.top\/wp-json\/wp\/v2\/users\/1"}],"replies":[{"embeddable":true,"href":"https:\/\/casino-bk-site33.top\/wp-json\/wp\/v2\/comments?post=2167"}],"version-history":[{"count":4,"href":"https:\/\/casino-bk-site33.top\/wp-json\/wp\/v2\/pages\/2167\/revisions"}],"predecessor-version":[{"id":2399,"href":"https:\/\/casino-bk-site33.top\/wp-json\/wp\/v2\/pages\/2167\/revisions\/2399"}],"wp:attachment":[{"href":"https:\/\/casino-bk-site33.top\/wp-json\/wp\/v2\/media?parent=2167"}],"curies":[{"name":"wp","href":"https:\/\/api.w.org\/{rel}","templated":true}]}}